{"id":367,"date":"2025-08-22T10:28:22","date_gmt":"2025-08-22T08:28:22","guid":{"rendered":"http:\/\/sohakineprevention.com\/?page_id=367"},"modified":"2025-08-23T09:37:48","modified_gmt":"2025-08-23T07:37:48","slug":"a-voir-plus-tard-cabinet-page-formation","status":"publish","type":"page","link":"https:\/\/sohakineprevention.com\/index.php\/a-voir-plus-tard-cabinet-page-formation\/","title":{"rendered":"nos formations"},"content":{"rendered":"\t\t<div data-elementor-type=\"wp-page\" data-elementor-id=\"367\" class=\"elementor elementor-367\">\n\t\t\t\t<div class=\"elementor-element elementor-element-603e86f e-flex e-con-boxed e-con e-parent\" data-id=\"603e86f\" data-element_type=\"container\" data-e-type=\"container\">\n\t\t\t\t\t<div class=\"e-con-inner\">\n\t\t\t\t<div class=\"elementor-element elementor-element-43808cb elementor-widget elementor-widget-heading\" data-id=\"43808cb\" data-element_type=\"widget\" data-e-type=\"widget\" data-widget_type=\"heading.default\">\n\t\t\t\t<div class=\"elementor-widget-container\">\n\t\t\t\t\t<h2 class=\"elementor-heading-title elementor-size-default\">Nos formations<\/h2>\t\t\t\t<\/div>\n\t\t\t\t<\/div>\n\t\t\t\t\t<\/div>\n\t\t\t\t<\/div>\n\t\t<div class=\"elementor-element elementor-element-254a563 e-flex e-con-boxed e-con e-parent\" data-id=\"254a563\" data-element_type=\"container\" data-e-type=\"container\">\n\t\t\t\t\t<div class=\"e-con-inner\">\n\t\t<div class=\"elementor-element elementor-element-0d81052 e-con-full e-flex e-con e-child\" data-id=\"0d81052\" data-element_type=\"container\" data-e-type=\"container\" data-settings=\"{&quot;background_background&quot;:&quot;classic&quot;}\">\n\t\t\t\t<div class=\"elementor-element elementor-element-ba1e5b2 elementor-widget elementor-widget-heading\" data-id=\"ba1e5b2\" data-element_type=\"widget\" data-e-type=\"widget\" data-widget_type=\"heading.default\">\n\t\t\t\t<div class=\"elementor-widget-container\">\n\t\t\t\t\t<h4 class=\"elementor-heading-title elementor-size-default\">Pour les kin\u00e9sith\u00e9rapeutes<\/h4>\t\t\t\t<\/div>\n\t\t\t\t<\/div>\n\t\t\t\t<div class=\"elementor-element elementor-element-012f516 elementor-widget elementor-widget-image\" data-id=\"012f516\" data-element_type=\"widget\" data-e-type=\"widget\" data-widget_type=\"image.default\">\n\t\t\t\t<div class=\"elementor-widget-container\">\n\t\t\t\t\t\t\t\t\t\t\t\t\t\t\t<img fetchpriority=\"high\" decoding=\"async\" width=\"800\" height=\"600\" src=\"https:\/\/sohakineprevention.com\/wp-content\/uploads\/2025\/07\/abdo-wa-1024x768.jpg\" class=\"attachment-large size-large wp-image-466\" alt=\"R\u00e9\u00e9ducation pr\u00e9 &amp; post partum dans notre cabinet de kin\u00e9sith\u00e9rapeute \u00e0 Rennes Soins des maux li\u00e9s \u00e0 la grossesse (lombaire, abdomen, bassin), r\u00e9\u00e9ducation p\u00e9rin\u00e9ale pr\u00e9 et post partum, r\u00e9\u00e9ducation abdominale post partum\" srcset=\"https:\/\/sohakineprevention.com\/wp-content\/uploads\/2025\/07\/abdo-wa-1024x768.jpg 1024w, https:\/\/sohakineprevention.com\/wp-content\/uploads\/2025\/07\/abdo-wa-300x225.jpg 300w, https:\/\/sohakineprevention.com\/wp-content\/uploads\/2025\/07\/abdo-wa-768x576.jpg 768w, https:\/\/sohakineprevention.com\/wp-content\/uploads\/2025\/07\/abdo-wa-1536x1152.jpg 1536w, https:\/\/sohakineprevention.com\/wp-content\/uploads\/2025\/07\/abdo-wa.jpg 2048w\" sizes=\"(max-width: 800px) 100vw, 800px\" \/>\t\t\t\t\t\t\t\t\t\t\t\t\t\t\t<\/div>\n\t\t\t\t<\/div>\n\t\t\t\t<div class=\"elementor-element elementor-element-2b2e812 elementor-widget elementor-widget-text-editor\" data-id=\"2b2e812\" data-element_type=\"widget\" data-e-type=\"widget\" data-widget_type=\"text-editor.default\">\n\t\t\t\t<div class=\"elementor-widget-container\">\n\t\t\t\t\t\t\t\t\t<p><strong>Formation cours collectif Gym Sant\u00e9 APA<\/strong><\/p><p>Ecole du dos<br \/>Gym femme enceinte<br \/>Yoga corporel th\u00e9rapeutique<\/p>\t\t\t\t\t\t\t\t<\/div>\n\t\t\t\t<\/div>\n\t\t\t\t<div class=\"elementor-element elementor-element-4d9c06c elementor-align-center elementor-widget elementor-widget-button\" data-id=\"4d9c06c\" data-element_type=\"widget\" data-e-type=\"widget\" data-widget_type=\"button.default\">\n\t\t\t\t<div class=\"elementor-widget-container\">\n\t\t\t\t\t\t\t\t\t<div class=\"elementor-button-wrapper\">\n\t\t\t\t\t<a class=\"elementor-button elementor-button-link elementor-size-sm\" href=\"http:\/\/sohakineprevention.com\/index.php\/solenn\/\">\n\t\t\t\t\t\t<span class=\"elementor-button-content-wrapper\">\n\t\t\t\t\t\t\t\t\t<span class=\"elementor-button-text\">Information et tarif<\/span>\n\t\t\t\t\t<\/span>\n\t\t\t\t\t<\/a>\n\t\t\t\t<\/div>\n\t\t\t\t\t\t\t\t<\/div>\n\t\t\t\t<\/div>\n\t\t\t\t<\/div>\n\t\t<div class=\"elementor-element elementor-element-43dec84 e-con-full e-flex e-con e-child\" data-id=\"43dec84\" data-element_type=\"container\" data-e-type=\"container\" data-settings=\"{&quot;background_background&quot;:&quot;classic&quot;}\">\n\t\t\t\t<div class=\"elementor-element elementor-element-6d0382c elementor-widget elementor-widget-heading\" data-id=\"6d0382c\" data-element_type=\"widget\" data-e-type=\"widget\" data-widget_type=\"heading.default\">\n\t\t\t\t<div class=\"elementor-widget-container\">\n\t\t\t\t\t<h4 class=\"elementor-heading-title elementor-size-default\">Pour les professeurs de Yoga d\u00e9j\u00e0 certifi\u00e9<\/h4>\t\t\t\t<\/div>\n\t\t\t\t<\/div>\n\t\t\t\t<div class=\"elementor-element elementor-element-0668a45 elementor-widget elementor-widget-image\" data-id=\"0668a45\" data-element_type=\"widget\" data-e-type=\"widget\" data-widget_type=\"image.default\">\n\t\t\t\t<div class=\"elementor-widget-container\">\n\t\t\t\t\t\t\t\t\t\t\t\t\t\t\t<img decoding=\"async\" width=\"800\" height=\"640\" src=\"https:\/\/sohakineprevention.com\/wp-content\/uploads\/2025\/07\/IMG_78572-1024x819.jpeg\" class=\"attachment-large size-large wp-image-471\" alt=\"Cours de Gym Sant\u00e9 \u00e0 Rennes en petit groupe : Yoga doux, yoga th\u00e9rapie, yoga adapt\u00e9e, Gym et Yoga p\u00e9rinatal et pr\u00e9natal, pilates d\u00e9butants, yin yoga\" srcset=\"https:\/\/sohakineprevention.com\/wp-content\/uploads\/2025\/07\/IMG_78572-1024x819.jpeg 1024w, https:\/\/sohakineprevention.com\/wp-content\/uploads\/2025\/07\/IMG_78572-300x240.jpeg 300w, https:\/\/sohakineprevention.com\/wp-content\/uploads\/2025\/07\/IMG_78572-768x615.jpeg 768w, https:\/\/sohakineprevention.com\/wp-content\/uploads\/2025\/07\/IMG_78572.jpeg 1536w\" sizes=\"(max-width: 800px) 100vw, 800px\" \/>\t\t\t\t\t\t\t\t\t\t\t\t\t\t\t<\/div>\n\t\t\t\t<\/div>\n\t\t\t\t<div class=\"elementor-element elementor-element-adcdfd8 elementor-widget elementor-widget-text-editor\" data-id=\"adcdfd8\" data-element_type=\"widget\" data-e-type=\"widget\" data-widget_type=\"text-editor.default\">\n\t\t\t\t<div class=\"elementor-widget-container\">\n\t\t\t\t\t\t\t\t\t<p><strong>Formations\u00a0<\/strong><\/p><p>Yoga femme enceinte <br \/>Yoga adapt\u00e9<\/p>\t\t\t\t\t\t\t\t<\/div>\n\t\t\t\t<\/div>\n\t\t\t\t<div class=\"elementor-element elementor-element-58c46de elementor-align-center elementor-widget elementor-widget-button\" data-id=\"58c46de\" data-element_type=\"widget\" data-e-type=\"widget\" data-widget_type=\"button.default\">\n\t\t\t\t<div class=\"elementor-widget-container\">\n\t\t\t\t\t\t\t\t\t<div class=\"elementor-button-wrapper\">\n\t\t\t\t\t<a class=\"elementor-button elementor-button-link elementor-size-sm\" href=\"#\">\n\t\t\t\t\t\t<span class=\"elementor-button-content-wrapper\">\n\t\t\t\t\t\t\t\t\t<span class=\"elementor-button-text\">Information et tarif<\/span>\n\t\t\t\t\t<\/span>\n\t\t\t\t\t<\/a>\n\t\t\t\t<\/div>\n\t\t\t\t\t\t\t\t<\/div>\n\t\t\t\t<\/div>\n\t\t\t\t<\/div>\n\t\t<div class=\"elementor-element elementor-element-c87c167 e-con-full e-flex e-con e-child\" data-id=\"c87c167\" data-element_type=\"container\" data-e-type=\"container\" data-settings=\"{&quot;background_background&quot;:&quot;classic&quot;}\">\n\t\t\t\t<div class=\"elementor-element elementor-element-eba110f elementor-widget elementor-widget-heading\" data-id=\"eba110f\" data-element_type=\"widget\" data-e-type=\"widget\" data-widget_type=\"heading.default\">\n\t\t\t\t<div class=\"elementor-widget-container\">\n\t\t\t\t\t<h4 class=\"elementor-heading-title elementor-size-default\">Pour les particuliers ou th\u00e9rapeutes<\/h4>\t\t\t\t<\/div>\n\t\t\t\t<\/div>\n\t\t\t\t<div class=\"elementor-element elementor-element-54777ce elementor-widget elementor-widget-image\" data-id=\"54777ce\" data-element_type=\"widget\" data-e-type=\"widget\" data-widget_type=\"image.default\">\n\t\t\t\t<div class=\"elementor-widget-container\">\n\t\t\t\t\t\t\t\t\t\t\t\t\t\t\t<img decoding=\"async\" width=\"800\" height=\"640\" src=\"https:\/\/sohakineprevention.com\/wp-content\/uploads\/2025\/07\/20240912_154613838_iOS-1-1024x819.jpg\" class=\"attachment-large size-large wp-image-470\" alt=\"massage bien \u00eatre aux huiles essentielles par nos kin\u00e9sith\u00e9rapeutes \u00e0 rennes\" srcset=\"https:\/\/sohakineprevention.com\/wp-content\/uploads\/2025\/07\/20240912_154613838_iOS-1-1024x819.jpg 1024w, https:\/\/sohakineprevention.com\/wp-content\/uploads\/2025\/07\/20240912_154613838_iOS-1-300x240.jpg 300w, https:\/\/sohakineprevention.com\/wp-content\/uploads\/2025\/07\/20240912_154613838_iOS-1-768x614.jpg 768w, https:\/\/sohakineprevention.com\/wp-content\/uploads\/2025\/07\/20240912_154613838_iOS-1-1536x1229.jpg 1536w, https:\/\/sohakineprevention.com\/wp-content\/uploads\/2025\/07\/20240912_154613838_iOS-1-2048x1638.jpg 2048w\" sizes=\"(max-width: 800px) 100vw, 800px\" \/>\t\t\t\t\t\t\t\t\t\t\t\t\t\t\t<\/div>\n\t\t\t\t<\/div>\n\t\t\t\t<div class=\"elementor-element elementor-element-373c2d1 elementor-widget elementor-widget-text-editor\" data-id=\"373c2d1\" data-element_type=\"widget\" data-e-type=\"widget\" data-widget_type=\"text-editor.default\">\n\t\t\t\t<div class=\"elementor-widget-container\">\n\t\t\t\t\t\t\t\t\t<p><strong>Formation massage bien-\u00eatre<br \/><\/strong><\/p><p>Techniques manuelles sur l&rsquo;ensemble du corps\u00a0<\/p>\t\t\t\t\t\t\t\t<\/div>\n\t\t\t\t<\/div>\n\t\t\t\t<div class=\"elementor-element elementor-element-e67c850 elementor-align-center elementor-widget elementor-widget-button\" data-id=\"e67c850\" data-element_type=\"widget\" data-e-type=\"widget\" data-widget_type=\"button.default\">\n\t\t\t\t<div class=\"elementor-widget-container\">\n\t\t\t\t\t\t\t\t\t<div class=\"elementor-button-wrapper\">\n\t\t\t\t\t<a class=\"elementor-button elementor-button-link elementor-size-sm\" href=\"#\">\n\t\t\t\t\t\t<span class=\"elementor-button-content-wrapper\">\n\t\t\t\t\t\t\t\t\t<span class=\"elementor-button-text\">Information et tarif<\/span>\n\t\t\t\t\t<\/span>\n\t\t\t\t\t<\/a>\n\t\t\t\t<\/div>\n\t\t\t\t\t\t\t\t<\/div>\n\t\t\t\t<\/div>\n\t\t\t\t<\/div>\n\t\t\t\t\t<\/div>\n\t\t\t\t<\/div>\n\t\t<div class=\"elementor-element elementor-element-799415b e-flex e-con-boxed e-con e-parent\" data-id=\"799415b\" data-element_type=\"container\" data-e-type=\"container\" data-settings=\"{&quot;background_background&quot;:&quot;classic&quot;}\">\n\t\t\t\t\t<div class=\"e-con-inner\">\n\t\t\t\t<div class=\"elementor-element elementor-element-324dfc9 elementor-widget elementor-widget-text-editor\" data-id=\"324dfc9\" data-element_type=\"widget\" data-e-type=\"widget\" data-widget_type=\"text-editor.default\">\n\t\t\t\t<div class=\"elementor-widget-container\">\n\t\t\t\t\t\t\t\t\t<p><b>INFORMATIONS A VENIR<\/b><\/p>\t\t\t\t\t\t\t\t<\/div>\n\t\t\t\t<\/div>\n\t\t\t\t\t<\/div>\n\t\t\t\t<\/div>\n\t\t\t\t<\/div>\n\t\t","protected":false},"excerpt":{"rendered":"<p>Nos formations Pour les kin\u00e9sith\u00e9rapeutes Formation cours collectif Gym Sant\u00e9 APA Ecole du dosGym femme enceinteYoga corporel th\u00e9rapeutique Information et tarif Pour les professeurs de Yoga d\u00e9j\u00e0 certifi\u00e9 Formations\u00a0 Yoga femme enceinte Yoga adapt\u00e9 Information et tarif Pour les particuliers ou th\u00e9rapeutes Formation massage bien-\u00eatre Techniques manuelles sur l&rsquo;ensemble du corps\u00a0 Information et tarif INFORMATIONS [&hellip;]<\/p>\n","protected":false},"author":1,"featured_media":0,"parent":0,"menu_order":0,"comment_status":"closed","ping_status":"closed","template":"elementor_header_footer","meta":{"footnotes":""},"class_list":["post-367","page","type-page","status-publish","hentry"],"yoast_head":"<!-- This site is optimized with the Yoast SEO plugin v27.4 - https:\/\/yoast.com\/product\/yoast-seo-wordpress\/ -->\n<title>nos formations - Soha Kin\u00e9 Pr\u00e9vention ,Cabinet de kin\u00e9sith\u00e9rapie \u00e0 Rennes, Gym sant\u00e9 APA, Intervention ergonomie en entreprise, pr\u00e9vention TMS, formation<\/title>\n<meta name=\"robots\" content=\"index, follow, max-snippet:-1, max-image-preview:large, max-video-preview:-1\" \/>\n<link rel=\"canonical\" href=\"https:\/\/sohakineprevention.com\/index.php\/a-voir-plus-tard-cabinet-page-formation\/\" \/>\n<meta property=\"og:locale\" content=\"fr_FR\" \/>\n<meta property=\"og:type\" content=\"article\" \/>\n<meta property=\"og:title\" content=\"nos formations - Soha Kin\u00e9 Pr\u00e9vention ,Cabinet de kin\u00e9sith\u00e9rapie \u00e0 Rennes, Gym sant\u00e9 APA, Intervention ergonomie en entreprise, pr\u00e9vention TMS, formation\" \/>\n<meta property=\"og:description\" content=\"Nos formations Pour les kin\u00e9sith\u00e9rapeutes Formation cours collectif Gym Sant\u00e9 APA Ecole du dosGym femme enceinteYoga corporel th\u00e9rapeutique Information et tarif Pour les professeurs de Yoga d\u00e9j\u00e0 certifi\u00e9 Formations\u00a0 Yoga femme enceinte Yoga adapt\u00e9 Information et tarif Pour les particuliers ou th\u00e9rapeutes Formation massage bien-\u00eatre Techniques manuelles sur l&rsquo;ensemble du corps\u00a0 Information et tarif INFORMATIONS [&hellip;]\" \/>\n<meta property=\"og:url\" content=\"https:\/\/sohakineprevention.com\/index.php\/a-voir-plus-tard-cabinet-page-formation\/\" \/>\n<meta property=\"og:site_name\" content=\"Soha Kin\u00e9 Pr\u00e9vention ,Cabinet de kin\u00e9sith\u00e9rapie \u00e0 Rennes, Gym sant\u00e9 APA, Intervention ergonomie en entreprise, pr\u00e9vention TMS, formation\" \/>\n<meta property=\"article:publisher\" content=\"https:\/\/www.facebook.com\/sohayogapilates\/\" \/>\n<meta property=\"article:modified_time\" content=\"2025-08-23T07:37:48+00:00\" \/>\n<meta property=\"og:image\" content=\"http:\/\/sohakineprevention.com\/wp-content\/uploads\/2025\/07\/abdo-wa-1024x768.jpg\" \/>\n<meta name=\"twitter:card\" content=\"summary_large_image\" \/>\n<meta name=\"twitter:label1\" content=\"Dur\u00e9e de lecture estim\u00e9e\" \/>\n\t<meta name=\"twitter:data1\" content=\"1 minute\" \/>\n<script type=\"application\/ld+json\" class=\"yoast-schema-graph\">{\"@context\":\"https:\\\/\\\/schema.org\",\"@graph\":[{\"@type\":\"WebPage\",\"@id\":\"https:\\\/\\\/sohakineprevention.com\\\/index.php\\\/a-voir-plus-tard-cabinet-page-formation\\\/\",\"url\":\"https:\\\/\\\/sohakineprevention.com\\\/index.php\\\/a-voir-plus-tard-cabinet-page-formation\\\/\",\"name\":\"nos formations - Soha Kin\u00e9 Pr\u00e9vention ,Cabinet de kin\u00e9sith\u00e9rapie \u00e0 Rennes, Gym sant\u00e9 APA, Intervention ergonomie en entreprise, pr\u00e9vention TMS, formation\",\"isPartOf\":{\"@id\":\"https:\\\/\\\/sohakineprevention.com\\\/#website\"},\"primaryImageOfPage\":{\"@id\":\"https:\\\/\\\/sohakineprevention.com\\\/index.php\\\/a-voir-plus-tard-cabinet-page-formation\\\/#primaryimage\"},\"image\":{\"@id\":\"https:\\\/\\\/sohakineprevention.com\\\/index.php\\\/a-voir-plus-tard-cabinet-page-formation\\\/#primaryimage\"},\"thumbnailUrl\":\"http:\\\/\\\/sohakineprevention.com\\\/wp-content\\\/uploads\\\/2025\\\/07\\\/abdo-wa-1024x768.jpg\",\"datePublished\":\"2025-08-22T08:28:22+00:00\",\"dateModified\":\"2025-08-23T07:37:48+00:00\",\"breadcrumb\":{\"@id\":\"https:\\\/\\\/sohakineprevention.com\\\/index.php\\\/a-voir-plus-tard-cabinet-page-formation\\\/#breadcrumb\"},\"inLanguage\":\"fr-FR\",\"potentialAction\":[{\"@type\":\"ReadAction\",\"target\":[\"https:\\\/\\\/sohakineprevention.com\\\/index.php\\\/a-voir-plus-tard-cabinet-page-formation\\\/\"]}]},{\"@type\":\"ImageObject\",\"inLanguage\":\"fr-FR\",\"@id\":\"https:\\\/\\\/sohakineprevention.com\\\/index.php\\\/a-voir-plus-tard-cabinet-page-formation\\\/#primaryimage\",\"url\":\"https:\\\/\\\/sohakineprevention.com\\\/wp-content\\\/uploads\\\/2025\\\/07\\\/abdo-wa.jpg\",\"contentUrl\":\"https:\\\/\\\/sohakineprevention.com\\\/wp-content\\\/uploads\\\/2025\\\/07\\\/abdo-wa.jpg\",\"width\":2048,\"height\":1536,\"caption\":\"R\u00e9\u00e9ducation pr\u00e9 & post partum dans notre cabinet de kin\u00e9sith\u00e9rapeute \u00e0 Rennes Soins des maux li\u00e9s \u00e0 la grossesse (lombaire, abdomen, bassin), r\u00e9\u00e9ducation p\u00e9rin\u00e9ale pr\u00e9 et post partum, r\u00e9\u00e9ducation abdominale post partum\"},{\"@type\":\"BreadcrumbList\",\"@id\":\"https:\\\/\\\/sohakineprevention.com\\\/index.php\\\/a-voir-plus-tard-cabinet-page-formation\\\/#breadcrumb\",\"itemListElement\":[{\"@type\":\"ListItem\",\"position\":1,\"name\":\"Accueil\",\"item\":\"https:\\\/\\\/sohakineprevention.com\\\/\"},{\"@type\":\"ListItem\",\"position\":2,\"name\":\"nos formations\"}]},{\"@type\":\"WebSite\",\"@id\":\"https:\\\/\\\/sohakineprevention.com\\\/#website\",\"url\":\"https:\\\/\\\/sohakineprevention.com\\\/\",\"name\":\"Soha Yoga Pilates Rennes, cours de Yoga, Pilates, et Gym ...\",\"description\":\"Prendre soin de soi, stimuler son corps, apaiser son esprit\",\"publisher\":{\"@id\":\"https:\\\/\\\/sohakineprevention.com\\\/#organization\"},\"potentialAction\":[{\"@type\":\"SearchAction\",\"target\":{\"@type\":\"EntryPoint\",\"urlTemplate\":\"https:\\\/\\\/sohakineprevention.com\\\/?s={search_term_string}\"},\"query-input\":{\"@type\":\"PropertyValueSpecification\",\"valueRequired\":true,\"valueName\":\"search_term_string\"}}],\"inLanguage\":\"fr-FR\"},{\"@type\":\"Organization\",\"@id\":\"https:\\\/\\\/sohakineprevention.com\\\/#organization\",\"name\":\"Soha Yoga Pilates Rennes, cours de Yoga, Pilates, et Gym ...\",\"url\":\"https:\\\/\\\/sohakineprevention.com\\\/\",\"logo\":{\"@type\":\"ImageObject\",\"inLanguage\":\"fr-FR\",\"@id\":\"https:\\\/\\\/sohakineprevention.com\\\/#\\\/schema\\\/logo\\\/image\\\/\",\"url\":\"https:\\\/\\\/sohakineprevention.com\\\/wp-content\\\/uploads\\\/2025\\\/06\\\/soha-kine-prevention-scaled.png\",\"contentUrl\":\"https:\\\/\\\/sohakineprevention.com\\\/wp-content\\\/uploads\\\/2025\\\/06\\\/soha-kine-prevention-scaled.png\",\"width\":2560,\"height\":708,\"caption\":\"Soha Yoga Pilates Rennes, cours de Yoga, Pilates, et Gym ...\"},\"image\":{\"@id\":\"https:\\\/\\\/sohakineprevention.com\\\/#\\\/schema\\\/logo\\\/image\\\/\"},\"sameAs\":[\"https:\\\/\\\/www.facebook.com\\\/sohayogapilates\\\/\"]}]}<\/script>\n<!-- \/ Yoast SEO plugin. -->","yoast_head_json":{"title":"nos formations - Soha Kin\u00e9 Pr\u00e9vention ,Cabinet de kin\u00e9sith\u00e9rapie \u00e0 Rennes, Gym sant\u00e9 APA, Intervention ergonomie en entreprise, pr\u00e9vention TMS, formation","robots":{"index":"index","follow":"follow","max-snippet":"max-snippet:-1","max-image-preview":"max-image-preview:large","max-video-preview":"max-video-preview:-1"},"canonical":"https:\/\/sohakineprevention.com\/index.php\/a-voir-plus-tard-cabinet-page-formation\/","og_locale":"fr_FR","og_type":"article","og_title":"nos formations - Soha Kin\u00e9 Pr\u00e9vention ,Cabinet de kin\u00e9sith\u00e9rapie \u00e0 Rennes, Gym sant\u00e9 APA, Intervention ergonomie en entreprise, pr\u00e9vention TMS, formation","og_description":"Nos formations Pour les kin\u00e9sith\u00e9rapeutes Formation cours collectif Gym Sant\u00e9 APA Ecole du dosGym femme enceinteYoga corporel th\u00e9rapeutique Information et tarif Pour les professeurs de Yoga d\u00e9j\u00e0 certifi\u00e9 Formations\u00a0 Yoga femme enceinte Yoga adapt\u00e9 Information et tarif Pour les particuliers ou th\u00e9rapeutes Formation massage bien-\u00eatre Techniques manuelles sur l&rsquo;ensemble du corps\u00a0 Information et tarif INFORMATIONS [&hellip;]","og_url":"https:\/\/sohakineprevention.com\/index.php\/a-voir-plus-tard-cabinet-page-formation\/","og_site_name":"Soha Kin\u00e9 Pr\u00e9vention ,Cabinet de kin\u00e9sith\u00e9rapie \u00e0 Rennes, Gym sant\u00e9 APA, Intervention ergonomie en entreprise, pr\u00e9vention TMS, formation","article_publisher":"https:\/\/www.facebook.com\/sohayogapilates\/","article_modified_time":"2025-08-23T07:37:48+00:00","og_image":[{"url":"http:\/\/sohakineprevention.com\/wp-content\/uploads\/2025\/07\/abdo-wa-1024x768.jpg","type":"","width":"","height":""}],"twitter_card":"summary_large_image","twitter_misc":{"Dur\u00e9e de lecture estim\u00e9e":"1 minute"},"schema":{"@context":"https:\/\/schema.org","@graph":[{"@type":"WebPage","@id":"https:\/\/sohakineprevention.com\/index.php\/a-voir-plus-tard-cabinet-page-formation\/","url":"https:\/\/sohakineprevention.com\/index.php\/a-voir-plus-tard-cabinet-page-formation\/","name":"nos formations - Soha Kin\u00e9 Pr\u00e9vention ,Cabinet de kin\u00e9sith\u00e9rapie \u00e0 Rennes, Gym sant\u00e9 APA, Intervention ergonomie en entreprise, pr\u00e9vention TMS, formation","isPartOf":{"@id":"https:\/\/sohakineprevention.com\/#website"},"primaryImageOfPage":{"@id":"https:\/\/sohakineprevention.com\/index.php\/a-voir-plus-tard-cabinet-page-formation\/#primaryimage"},"image":{"@id":"https:\/\/sohakineprevention.com\/index.php\/a-voir-plus-tard-cabinet-page-formation\/#primaryimage"},"thumbnailUrl":"http:\/\/sohakineprevention.com\/wp-content\/uploads\/2025\/07\/abdo-wa-1024x768.jpg","datePublished":"2025-08-22T08:28:22+00:00","dateModified":"2025-08-23T07:37:48+00:00","breadcrumb":{"@id":"https:\/\/sohakineprevention.com\/index.php\/a-voir-plus-tard-cabinet-page-formation\/#breadcrumb"},"inLanguage":"fr-FR","potentialAction":[{"@type":"ReadAction","target":["https:\/\/sohakineprevention.com\/index.php\/a-voir-plus-tard-cabinet-page-formation\/"]}]},{"@type":"ImageObject","inLanguage":"fr-FR","@id":"https:\/\/sohakineprevention.com\/index.php\/a-voir-plus-tard-cabinet-page-formation\/#primaryimage","url":"https:\/\/sohakineprevention.com\/wp-content\/uploads\/2025\/07\/abdo-wa.jpg","contentUrl":"https:\/\/sohakineprevention.com\/wp-content\/uploads\/2025\/07\/abdo-wa.jpg","width":2048,"height":1536,"caption":"R\u00e9\u00e9ducation pr\u00e9 & post partum dans notre cabinet de kin\u00e9sith\u00e9rapeute \u00e0 Rennes Soins des maux li\u00e9s \u00e0 la grossesse (lombaire, abdomen, bassin), r\u00e9\u00e9ducation p\u00e9rin\u00e9ale pr\u00e9 et post partum, r\u00e9\u00e9ducation abdominale post partum"},{"@type":"BreadcrumbList","@id":"https:\/\/sohakineprevention.com\/index.php\/a-voir-plus-tard-cabinet-page-formation\/#breadcrumb","itemListElement":[{"@type":"ListItem","position":1,"name":"Accueil","item":"https:\/\/sohakineprevention.com\/"},{"@type":"ListItem","position":2,"name":"nos formations"}]},{"@type":"WebSite","@id":"https:\/\/sohakineprevention.com\/#website","url":"https:\/\/sohakineprevention.com\/","name":"Soha Yoga Pilates Rennes, cours de Yoga, Pilates, et Gym ...","description":"Prendre soin de soi, stimuler son corps, apaiser son esprit","publisher":{"@id":"https:\/\/sohakineprevention.com\/#organization"},"potentialAction":[{"@type":"SearchAction","target":{"@type":"EntryPoint","urlTemplate":"https:\/\/sohakineprevention.com\/?s={search_term_string}"},"query-input":{"@type":"PropertyValueSpecification","valueRequired":true,"valueName":"search_term_string"}}],"inLanguage":"fr-FR"},{"@type":"Organization","@id":"https:\/\/sohakineprevention.com\/#organization","name":"Soha Yoga Pilates Rennes, cours de Yoga, Pilates, et Gym ...","url":"https:\/\/sohakineprevention.com\/","logo":{"@type":"ImageObject","inLanguage":"fr-FR","@id":"https:\/\/sohakineprevention.com\/#\/schema\/logo\/image\/","url":"https:\/\/sohakineprevention.com\/wp-content\/uploads\/2025\/06\/soha-kine-prevention-scaled.png","contentUrl":"https:\/\/sohakineprevention.com\/wp-content\/uploads\/2025\/06\/soha-kine-prevention-scaled.png","width":2560,"height":708,"caption":"Soha Yoga Pilates Rennes, cours de Yoga, Pilates, et Gym ..."},"image":{"@id":"https:\/\/sohakineprevention.com\/#\/schema\/logo\/image\/"},"sameAs":["https:\/\/www.facebook.com\/sohayogapilates\/"]}]}},"_links":{"self":[{"href":"https:\/\/sohakineprevention.com\/index.php\/wp-json\/wp\/v2\/pages\/367","targetHints":{"allow":["GET"]}}],"collection":[{"href":"https:\/\/sohakineprevention.com\/index.php\/wp-json\/wp\/v2\/pages"}],"about":[{"href":"https:\/\/sohakineprevention.com\/index.php\/wp-json\/wp\/v2\/types\/page"}],"author":[{"embeddable":true,"href":"https:\/\/sohakineprevention.com\/index.php\/wp-json\/wp\/v2\/users\/1"}],"replies":[{"embeddable":true,"href":"https:\/\/sohakineprevention.com\/index.php\/wp-json\/wp\/v2\/comments?post=367"}],"version-history":[{"count":18,"href":"https:\/\/sohakineprevention.com\/index.php\/wp-json\/wp\/v2\/pages\/367\/revisions"}],"predecessor-version":[{"id":856,"href":"https:\/\/sohakineprevention.com\/index.php\/wp-json\/wp\/v2\/pages\/367\/revisions\/856"}],"wp:attachment":[{"href":"https:\/\/sohakineprevention.com\/index.php\/wp-json\/wp\/v2\/media?parent=367"}],"curies":[{"name":"wp","href":"https:\/\/api.w.org\/{rel}","templated":true}]}}